{"id":1381,"date":"2024-10-03T17:19:55","date_gmt":"2024-10-03T15:19:55","guid":{"rendered":"https:\/\/www.yvesmasquelier.com\/?page_id=1381"},"modified":"2024-10-10T00:52:28","modified_gmt":"2024-10-09T22:52:28","slug":"info-liefstyle","status":"publish","type":"page","link":"https:\/\/www.yvesmasquelier.com\/index.php\/info-liefstyle\/","title":{"rendered":"info Liefstyle"},"content":{"rendered":"\t\t<div data-elementor-type=\"wp-page\" data-elementor-id=\"1381\" class=\"elementor elementor-1381\" data-elementor-post-type=\"page\">\n\t\t\t\t\t\t<section class=\"elementor-section elementor-top-section elementor-element elementor-element-386daafc elementor-section-boxed elementor-section-height-default elementor-section-height-default\" data-id=\"386daafc\" data-element_type=\"section\" data-e-type=\"section\" data-settings=\"{&quot;background_background&quot;:&quot;classic&quot;}\">\n\t\t\t\t\t\t\t<div class=\"elementor-background-overlay\"><\/div>\n\t\t\t\t\t\t\t<div class=\"elementor-container elementor-column-gap-default\">\n\t\t\t\t\t<div class=\"elementor-column elementor-col-100 elementor-top-column elementor-element elementor-element-60c48d86\" data-id=\"60c48d86\" data-element_type=\"column\" data-e-type=\"column\">\n\t\t\t<div class=\"elementor-widget-wrap elementor-element-populated\">\n\t\t\t\t\t\t<div class=\"elementor-element elementor-element-49d0dd6 elementor-widget elementor-widget-heading\" data-id=\"49d0dd6\" data-element_type=\"widget\" data-e-type=\"widget\" data-widget_type=\"heading.default\">\n\t\t\t\t<div class=\"elementor-widget-container\">\n\t\t\t\t\t<h2 class=\"elementor-heading-title elementor-size-default\">Info evenement<\/h2>\t\t\t\t<\/div>\n\t\t\t\t<\/div>\n\t\t\t\t<div class=\"elementor-element elementor-element-7d0feab4 elementor-widget elementor-widget-heading\" data-id=\"7d0feab4\" data-element_type=\"widget\" data-e-type=\"widget\" data-widget_type=\"heading.default\">\n\t\t\t\t<div class=\"elementor-widget-container\">\n\t\t\t\t\t<div class=\"elementor-heading-title elementor-size-default\">Evenement<\/div>\t\t\t\t<\/div>\n\t\t\t\t<\/div>\n\t\t\t\t\t<\/div>\n\t\t<\/div>\n\t\t\t\t\t<\/div>\n\t\t<\/section>\n\t\t<div class=\"elementor-element elementor-element-ccbb401 e-flex e-con-boxed e-con e-parent\" data-id=\"ccbb401\" data-element_type=\"container\" data-e-type=\"container\">\n\t\t\t\t\t<div class=\"e-con-inner\">\n\t\t<div class=\"elementor-element elementor-element-c5cd5ea e-con-full e-flex e-con e-child\" data-id=\"c5cd5ea\" data-element_type=\"container\" data-e-type=\"container\">\n\t\t\t\t<\/div>\n\t\t<div class=\"elementor-element elementor-element-b167a17 e-con-full e-flex e-con e-child\" data-id=\"b167a17\" data-element_type=\"container\" data-e-type=\"container\">\n\t\t\t\t<div class=\"elementor-element elementor-element-471d285 elementor-widget elementor-widget-heading\" data-id=\"471d285\" data-element_type=\"widget\" data-e-type=\"widget\" data-widget_type=\"heading.default\">\n\t\t\t\t<div class=\"elementor-widget-container\">\n\t\t\t\t\t<h2 class=\"elementor-heading-title elementor-size-default\">Laissez vos souvenirs s'\u00e9panouir.<\/h2>\t\t\t\t<\/div>\n\t\t\t\t<\/div>\n\t\t\t\t<div class=\"elementor-element elementor-element-3806399 elementor-widget elementor-widget-text-editor\" data-id=\"3806399\" data-element_type=\"widget\" data-e-type=\"widget\" data-widget_type=\"text-editor.default\">\n\t\t\t\t<div class=\"elementor-widget-container\">\n\t\t\t\t\t\t\t\t\t<p>Les photos lifestyle sont des images qui capturent des moments de la vie quotidienne d&#8217;une mani\u00e8re naturelle et artistique. J&#8217;aime pouvoir capturer les moments de bonheur en famille ou en couple. Bien que la photo lifestyle est surtout bas\u00e9 sur les expressions naturelle, j&#8217;aime \u00e9galement pouvoir compos\u00e9 avec vous pour cr\u00e9er de belle image.\u00a0<\/p>\t\t\t\t\t\t\t\t<\/div>\n\t\t\t\t<\/div>\n\t\t\t\t<div class=\"elementor-element elementor-element-f45d7c5 elementor-widget elementor-widget-heading\" data-id=\"f45d7c5\" data-element_type=\"widget\" data-e-type=\"widget\" data-widget_type=\"heading.default\">\n\t\t\t\t<div class=\"elementor-widget-container\">\n\t\t\t\t\t<h4 class=\"elementor-heading-title elementor-size-default\">Caract\u00e9ristiques des photos lifestyle :<\/h4>\t\t\t\t<\/div>\n\t\t\t\t<\/div>\n\t\t\t\t<div class=\"elementor-element elementor-element-8c2b641 elementor-widget elementor-widget-text-editor\" data-id=\"8c2b641\" data-element_type=\"widget\" data-e-type=\"widget\" data-widget_type=\"text-editor.default\">\n\t\t\t\t<div class=\"elementor-widget-container\">\n\t\t\t\t\t\t\t\t\t<ol><li><p><strong>Authenticit\u00e9<\/strong> : Elles refl\u00e8tent la r\u00e9alit\u00e9 et les \u00e9motions humaines, souvent sans artifice.<\/p><\/li><li><p><strong>Contexte<\/strong> : Elles montrent des personnes dans leur environnement naturel, que ce soit \u00e0 la maison, dans la nature ou en ville.<\/p><\/li><li><p><strong>\u00c9motions<\/strong> : Ces photos cherchent \u00e0 \u00e9voquer des sentiments, que ce soit la joie, la nostalgie, la tranquillit\u00e9, etc.<\/p><\/li><li><p><strong>Interaction<\/strong> : Elles mettent souvent en avant des interactions entre les personnes, comme des rires, des c\u00e2lins ou des conversations.<\/p><\/li><li><p><strong>Esth\u00e9tique<\/strong> : Bien que naturelles, ces photos sont souvent soigneusement compos\u00e9es pour cr\u00e9er une belle image visuellement.<\/p><\/li><\/ol>\t\t\t\t\t\t\t\t<\/div>\n\t\t\t\t<\/div>\n\t\t\t\t<div class=\"elementor-element elementor-element-b0032f9 elementor-widget elementor-widget-heading\" data-id=\"b0032f9\" data-element_type=\"widget\" data-e-type=\"widget\" data-widget_type=\"heading.default\">\n\t\t\t\t<div class=\"elementor-widget-container\">\n\t\t\t\t\t<h4 class=\"elementor-heading-title elementor-size-default\">Exemples de th\u00e8mes :<\/h4>\t\t\t\t<\/div>\n\t\t\t\t<\/div>\n\t\t\t\t<div class=\"elementor-element elementor-element-3a3d077 elementor-widget elementor-widget-text-editor\" data-id=\"3a3d077\" data-element_type=\"widget\" data-e-type=\"widget\" data-widget_type=\"text-editor.default\">\n\t\t\t\t<div class=\"elementor-widget-container\">\n\t\t\t\t\t\t\t\t\t<ul><li>Moments en famille<\/li><li>Amis partageant un caf\u00e9<\/li><li>Grossesse en ext\u00e9rieur<\/li><li>Couple en ext\u00e9rieur<\/li><\/ul><div>\u00a0<\/div><p>Les photos lifestyle sont tr\u00e8s populaires sur les r\u00e9seaux sociaux et dans le monde de la photographie, car elles permettent de capturer la beaut\u00e9 et la magie des moments du quotidien.<\/p>\t\t\t\t\t\t\t\t<\/div>\n\t\t\t\t<\/div>\n\t\t\t\t<\/div>\n\t\t<div class=\"elementor-element elementor-element-0adf60f e-con-full e-flex e-con e-child\" data-id=\"0adf60f\" data-element_type=\"container\" data-e-type=\"container\">\n\t\t\t\t<\/div>\n\t\t\t\t\t<\/div>\n\t\t\t\t<\/div>\n\t\t<div class=\"elementor-element elementor-element-0b7a541 e-flex e-con-boxed e-con e-parent\" data-id=\"0b7a541\" data-element_type=\"container\" data-e-type=\"container\">\n\t\t\t\t\t<div class=\"e-con-inner\">\n\t\t\t\t<div class=\"elementor-element elementor-element-bc9aec7 elementor-align-center elementor-widget elementor-widget-button\" data-id=\"bc9aec7\" data-element_type=\"widget\" data-e-type=\"widget\" data-widget_type=\"button.default\">\n\t\t\t\t<div class=\"elementor-widget-container\">\n\t\t\t\t\t\t\t\t\t<div class=\"elementor-button-wrapper\">\n\t\t\t\t\t<a class=\"elementor-button elementor-button-link elementor-size-sm\" href=\"https:\/\/www.yvesmasquelier.com\/index.php\/portfolio-lifestyle-2\/\">\n\t\t\t\t\t\t<span class=\"elementor-button-content-wrapper\">\n\t\t\t\t\t\t\t\t\t<span class=\"elementor-button-text\">Voir portfolio<\/span>\n\t\t\t\t\t<\/span>\n\t\t\t\t\t<\/a>\n\t\t\t\t<\/div>\n\t\t\t\t\t\t\t\t<\/div>\n\t\t\t\t<\/div>\n\t\t\t\t\t<\/div>\n\t\t\t\t<\/div>\n\t\t<div class=\"elementor-element elementor-element-3242ae1 e-flex e-con-boxed e-con e-parent\" data-id=\"3242ae1\" data-element_type=\"container\" data-e-type=\"container\">\n\t\t\t\t\t<div class=\"e-con-inner\">\n\t\t\t\t<div class=\"elementor-element elementor-element-fac81da elementor-widget-divider--view-line elementor-widget elementor-widget-divider\" data-id=\"fac81da\" data-element_type=\"widget\" data-e-type=\"widget\" data-widget_type=\"divider.default\">\n\t\t\t\t<div class=\"elementor-widget-container\">\n\t\t\t\t\t\t\t<div class=\"elementor-divider\">\n\t\t\t<span class=\"elementor-divider-separator\">\n\t\t\t\t\t\t<\/span>\n\t\t<\/div>\n\t\t\t\t\t\t<\/div>\n\t\t\t\t<\/div>\n\t\t\t\t\t<\/div>\n\t\t\t\t<\/div>\n\t\t<div class=\"elementor-element elementor-element-3d98d40 e-flex e-con-boxed e-con e-parent\" data-id=\"3d98d40\" data-element_type=\"container\" data-e-type=\"container\">\n\t\t\t\t\t<div class=\"e-con-inner\">\n\t\t\t\t<div class=\"elementor-element elementor-element-7a2496b elementor-widget elementor-widget-heading\" data-id=\"7a2496b\" data-element_type=\"widget\" data-e-type=\"widget\" data-widget_type=\"heading.default\">\n\t\t\t\t<div class=\"elementor-widget-container\">\n\t\t\t\t\t<h2 class=\"elementor-heading-title elementor-size-default\">La vie est un voyage, immortalisez-le.<\/h2>\t\t\t\t<\/div>\n\t\t\t\t<\/div>\n\t\t\t\t\t<\/div>\n\t\t\t\t<\/div>\n\t\t\t\t<\/div>\n\t\t","protected":false},"excerpt":{"rendered":"<p>Info evenement Evenement Laissez vos souvenirs s&#8217;\u00e9panouir. Les photos lifestyle sont des images qui capturent des moments de la vie quotidienne d&#8217;une mani\u00e8re naturelle et artistique. J&#8217;aime pouvoir capturer les moments de bonheur en famille ou en couple. Bien que la photo lifestyle est surtout bas\u00e9 sur les expressions naturelle, j&#8217;aime \u00e9galement pouvoir compos\u00e9 avec [&hellip;]<\/p>\n","protected":false},"author":1,"featured_media":1555,"parent":0,"menu_order":0,"comment_status":"closed","ping_status":"closed","template":"elementor_header_footer","meta":{"_eb_attr":"","om_disable_all_campaigns":false,"_monsterinsights_skip_tracking":false,"_monsterinsights_sitenote_active":false,"_monsterinsights_sitenote_note":"","_monsterinsights_sitenote_category":0,"footnotes":""},"class_list":["post-1381","page","type-page","status-publish","has-post-thumbnail","hentry"],"yoast_head":"<!-- This site is optimized with the Yoast SEO plugin v25.7 - https:\/\/yoast.com\/wordpress\/plugins\/seo\/ -->\n<title>Yves Masquelier Photographe\/vid\u00e9aste - Info reportage Lifestyle<\/title>\n<meta name=\"description\" content=\"Ici vous trouverez toutes les informations n\u00e9cessaires sur la mani\u00e8re dont je travail lors des reportages photos dit Lifestyle.\" \/>\n<meta name=\"robots\" content=\"index, follow, max-snippet:-1, max-image-preview:large, max-video-preview:-1\" \/>\n<link rel=\"canonical\" href=\"https:\/\/www.yvesmasquelier.com\/index.php\/info-liefstyle\/\" \/>\n<meta property=\"og:locale\" content=\"fr_FR\" \/>\n<meta property=\"og:type\" content=\"article\" \/>\n<meta property=\"og:title\" content=\"Yves Masquelier Photographe\/vid\u00e9aste - Info reportage Lifestyle\" \/>\n<meta property=\"og:description\" content=\"Ici vous trouverez toutes les informations n\u00e9cessaires sur la mani\u00e8re dont je travail lors des reportages photos dit Lifestyle.\" \/>\n<meta property=\"og:url\" content=\"https:\/\/www.yvesmasquelier.com\/index.php\/info-liefstyle\/\" \/>\n<meta property=\"og:site_name\" content=\"Yves Masquelier\" \/>\n<meta property=\"article:modified_time\" content=\"2024-10-09T22:52:28+00:00\" \/>\n<meta property=\"og:image\" content=\"https:\/\/www.yvesmasquelier.com\/wp-content\/uploads\/2024\/10\/Couple-Engagement-photo-Mons-Masquelier-13-1024x683.jpg\" \/>\n\t<meta property=\"og:image:width\" content=\"1024\" \/>\n\t<meta property=\"og:image:height\" content=\"683\" \/>\n\t<meta property=\"og:image:type\" content=\"image\/jpeg\" \/>\n<meta name=\"twitter:card\" content=\"summary_large_image\" \/>\n<meta name=\"twitter:label1\" content=\"Dur\u00e9e de lecture estim\u00e9e\" \/>\n\t<meta name=\"twitter:data1\" content=\"2 minutes\" \/>\n<script type=\"application\/ld+json\" class=\"yoast-schema-graph\">{\"@context\":\"https:\/\/schema.org\",\"@graph\":[{\"@type\":\"WebPage\",\"@id\":\"https:\/\/www.yvesmasquelier.com\/index.php\/info-liefstyle\/\",\"url\":\"https:\/\/www.yvesmasquelier.com\/index.php\/info-liefstyle\/\",\"name\":\"Yves Masquelier Photographe\/vid\u00e9aste - Info reportage Lifestyle\",\"isPartOf\":{\"@id\":\"https:\/\/www.yvesmasquelier.com\/#website\"},\"primaryImageOfPage\":{\"@id\":\"https:\/\/www.yvesmasquelier.com\/index.php\/info-liefstyle\/#primaryimage\"},\"image\":{\"@id\":\"https:\/\/www.yvesmasquelier.com\/index.php\/info-liefstyle\/#primaryimage\"},\"thumbnailUrl\":\"https:\/\/www.yvesmasquelier.com\/wp-content\/uploads\/2024\/10\/Couple-Engagement-photo-Mons-Masquelier-13.jpg\",\"datePublished\":\"2024-10-03T15:19:55+00:00\",\"dateModified\":\"2024-10-09T22:52:28+00:00\",\"description\":\"Ici vous trouverez toutes les informations n\u00e9cessaires sur la mani\u00e8re dont je travail lors des reportages photos dit Lifestyle.\",\"breadcrumb\":{\"@id\":\"https:\/\/www.yvesmasquelier.com\/index.php\/info-liefstyle\/#breadcrumb\"},\"inLanguage\":\"fr-FR\",\"potentialAction\":[{\"@type\":\"ReadAction\",\"target\":[\"https:\/\/www.yvesmasquelier.com\/index.php\/info-liefstyle\/\"]}]},{\"@type\":\"ImageObject\",\"inLanguage\":\"fr-FR\",\"@id\":\"https:\/\/www.yvesmasquelier.com\/index.php\/info-liefstyle\/#primaryimage\",\"url\":\"https:\/\/www.yvesmasquelier.com\/wp-content\/uploads\/2024\/10\/Couple-Engagement-photo-Mons-Masquelier-13.jpg\",\"contentUrl\":\"https:\/\/www.yvesmasquelier.com\/wp-content\/uploads\/2024\/10\/Couple-Engagement-photo-Mons-Masquelier-13.jpg\",\"width\":2362,\"height\":1575},{\"@type\":\"BreadcrumbList\",\"@id\":\"https:\/\/www.yvesmasquelier.com\/index.php\/info-liefstyle\/#breadcrumb\",\"itemListElement\":[{\"@type\":\"ListItem\",\"position\":1,\"name\":\"Accueil\",\"item\":\"https:\/\/www.yvesmasquelier.com\/\"},{\"@type\":\"ListItem\",\"position\":2,\"name\":\"info Liefstyle\"}]},{\"@type\":\"WebSite\",\"@id\":\"https:\/\/www.yvesmasquelier.com\/#website\",\"url\":\"https:\/\/www.yvesmasquelier.com\/\",\"name\":\"Yves Masquelier Photographe\/vid\u00e9aste\",\"description\":\"Photographe\/vid\u00e9aste Evenementiel Mariage Lifestyle\",\"publisher\":{\"@id\":\"https:\/\/www.yvesmasquelier.com\/#organization\"},\"alternateName\":\"Yves Masquelier\",\"potentialAction\":[{\"@type\":\"SearchAction\",\"target\":{\"@type\":\"EntryPoint\",\"urlTemplate\":\"https:\/\/www.yvesmasquelier.com\/?s={search_term_string}\"},\"query-input\":{\"@type\":\"PropertyValueSpecification\",\"valueRequired\":true,\"valueName\":\"search_term_string\"}}],\"inLanguage\":\"fr-FR\"},{\"@type\":\"Organization\",\"@id\":\"https:\/\/www.yvesmasquelier.com\/#organization\",\"name\":\"Yves Masquelier Photographe\/vid\u00e9aste\",\"url\":\"https:\/\/www.yvesmasquelier.com\/\",\"logo\":{\"@type\":\"ImageObject\",\"inLanguage\":\"fr-FR\",\"@id\":\"https:\/\/www.yvesmasquelier.com\/#\/schema\/logo\/image\/\",\"url\":\"https:\/\/www.yvesmasquelier.com\/wp-content\/uploads\/2022\/02\/cropped-logo-yves-masquelier2-1.png\",\"contentUrl\":\"https:\/\/www.yvesmasquelier.com\/wp-content\/uploads\/2022\/02\/cropped-logo-yves-masquelier2-1.png\",\"width\":800,\"height\":300,\"caption\":\"Yves Masquelier Photographe\/vid\u00e9aste\"},\"image\":{\"@id\":\"https:\/\/www.yvesmasquelier.com\/#\/schema\/logo\/image\/\"}}]}<\/script>\n<!-- \/ Yoast SEO plugin. -->","yoast_head_json":{"title":"Yves Masquelier Photographe\/vid\u00e9aste - Info reportage Lifestyle","description":"Ici vous trouverez toutes les informations n\u00e9cessaires sur la mani\u00e8re dont je travail lors des reportages photos dit Lifestyle.","robots":{"index":"index","follow":"follow","max-snippet":"max-snippet:-1","max-image-preview":"max-image-preview:large","max-video-preview":"max-video-preview:-1"},"canonical":"https:\/\/www.yvesmasquelier.com\/index.php\/info-liefstyle\/","og_locale":"fr_FR","og_type":"article","og_title":"Yves Masquelier Photographe\/vid\u00e9aste - Info reportage Lifestyle","og_description":"Ici vous trouverez toutes les informations n\u00e9cessaires sur la mani\u00e8re dont je travail lors des reportages photos dit Lifestyle.","og_url":"https:\/\/www.yvesmasquelier.com\/index.php\/info-liefstyle\/","og_site_name":"Yves Masquelier","article_modified_time":"2024-10-09T22:52:28+00:00","og_image":[{"width":1024,"height":683,"url":"https:\/\/www.yvesmasquelier.com\/wp-content\/uploads\/2024\/10\/Couple-Engagement-photo-Mons-Masquelier-13-1024x683.jpg","type":"image\/jpeg"}],"twitter_card":"summary_large_image","twitter_misc":{"Dur\u00e9e de lecture estim\u00e9e":"2 minutes"},"schema":{"@context":"https:\/\/schema.org","@graph":[{"@type":"WebPage","@id":"https:\/\/www.yvesmasquelier.com\/index.php\/info-liefstyle\/","url":"https:\/\/www.yvesmasquelier.com\/index.php\/info-liefstyle\/","name":"Yves Masquelier Photographe\/vid\u00e9aste - Info reportage Lifestyle","isPartOf":{"@id":"https:\/\/www.yvesmasquelier.com\/#website"},"primaryImageOfPage":{"@id":"https:\/\/www.yvesmasquelier.com\/index.php\/info-liefstyle\/#primaryimage"},"image":{"@id":"https:\/\/www.yvesmasquelier.com\/index.php\/info-liefstyle\/#primaryimage"},"thumbnailUrl":"https:\/\/www.yvesmasquelier.com\/wp-content\/uploads\/2024\/10\/Couple-Engagement-photo-Mons-Masquelier-13.jpg","datePublished":"2024-10-03T15:19:55+00:00","dateModified":"2024-10-09T22:52:28+00:00","description":"Ici vous trouverez toutes les informations n\u00e9cessaires sur la mani\u00e8re dont je travail lors des reportages photos dit Lifestyle.","breadcrumb":{"@id":"https:\/\/www.yvesmasquelier.com\/index.php\/info-liefstyle\/#breadcrumb"},"inLanguage":"fr-FR","potentialAction":[{"@type":"ReadAction","target":["https:\/\/www.yvesmasquelier.com\/index.php\/info-liefstyle\/"]}]},{"@type":"ImageObject","inLanguage":"fr-FR","@id":"https:\/\/www.yvesmasquelier.com\/index.php\/info-liefstyle\/#primaryimage","url":"https:\/\/www.yvesmasquelier.com\/wp-content\/uploads\/2024\/10\/Couple-Engagement-photo-Mons-Masquelier-13.jpg","contentUrl":"https:\/\/www.yvesmasquelier.com\/wp-content\/uploads\/2024\/10\/Couple-Engagement-photo-Mons-Masquelier-13.jpg","width":2362,"height":1575},{"@type":"BreadcrumbList","@id":"https:\/\/www.yvesmasquelier.com\/index.php\/info-liefstyle\/#breadcrumb","itemListElement":[{"@type":"ListItem","position":1,"name":"Accueil","item":"https:\/\/www.yvesmasquelier.com\/"},{"@type":"ListItem","position":2,"name":"info Liefstyle"}]},{"@type":"WebSite","@id":"https:\/\/www.yvesmasquelier.com\/#website","url":"https:\/\/www.yvesmasquelier.com\/","name":"Yves Masquelier Photographe\/vid\u00e9aste","description":"Photographe\/vid\u00e9aste Evenementiel Mariage Lifestyle","publisher":{"@id":"https:\/\/www.yvesmasquelier.com\/#organization"},"alternateName":"Yves Masquelier","potentialAction":[{"@type":"SearchAction","target":{"@type":"EntryPoint","urlTemplate":"https:\/\/www.yvesmasquelier.com\/?s={search_term_string}"},"query-input":{"@type":"PropertyValueSpecification","valueRequired":true,"valueName":"search_term_string"}}],"inLanguage":"fr-FR"},{"@type":"Organization","@id":"https:\/\/www.yvesmasquelier.com\/#organization","name":"Yves Masquelier Photographe\/vid\u00e9aste","url":"https:\/\/www.yvesmasquelier.com\/","logo":{"@type":"ImageObject","inLanguage":"fr-FR","@id":"https:\/\/www.yvesmasquelier.com\/#\/schema\/logo\/image\/","url":"https:\/\/www.yvesmasquelier.com\/wp-content\/uploads\/2022\/02\/cropped-logo-yves-masquelier2-1.png","contentUrl":"https:\/\/www.yvesmasquelier.com\/wp-content\/uploads\/2022\/02\/cropped-logo-yves-masquelier2-1.png","width":800,"height":300,"caption":"Yves Masquelier Photographe\/vid\u00e9aste"},"image":{"@id":"https:\/\/www.yvesmasquelier.com\/#\/schema\/logo\/image\/"}}]}},"_links":{"self":[{"href":"https:\/\/www.yvesmasquelier.com\/index.php\/wp-json\/wp\/v2\/pages\/1381","targetHints":{"allow":["GET"]}}],"collection":[{"href":"https:\/\/www.yvesmasquelier.com\/index.php\/wp-json\/wp\/v2\/pages"}],"about":[{"href":"https:\/\/www.yvesmasquelier.com\/index.php\/wp-json\/wp\/v2\/types\/page"}],"author":[{"embeddable":true,"href":"https:\/\/www.yvesmasquelier.com\/index.php\/wp-json\/wp\/v2\/users\/1"}],"replies":[{"embeddable":true,"href":"https:\/\/www.yvesmasquelier.com\/index.php\/wp-json\/wp\/v2\/comments?post=1381"}],"version-history":[{"count":8,"href":"https:\/\/www.yvesmasquelier.com\/index.php\/wp-json\/wp\/v2\/pages\/1381\/revisions"}],"predecessor-version":[{"id":1653,"href":"https:\/\/www.yvesmasquelier.com\/index.php\/wp-json\/wp\/v2\/pages\/1381\/revisions\/1653"}],"wp:featuredmedia":[{"embeddable":true,"href":"https:\/\/www.yvesmasquelier.com\/index.php\/wp-json\/wp\/v2\/media\/1555"}],"wp:attachment":[{"href":"https:\/\/www.yvesmasquelier.com\/index.php\/wp-json\/wp\/v2\/media?parent=1381"}],"curies":[{"name":"wp","href":"https:\/\/api.w.org\/{rel}","templated":true}]}}