{"id":1753,"date":"2024-10-11T01:29:22","date_gmt":"2024-10-10T23:29:22","guid":{"rendered":"https:\/\/www.yvesmasquelier.com\/?page_id=1753"},"modified":"2024-10-11T01:35:26","modified_gmt":"2024-10-10T23:35:26","slug":"politique-de-confidentialite","status":"publish","type":"page","link":"https:\/\/www.yvesmasquelier.com\/index.php\/politique-de-confidentialite\/","title":{"rendered":"Politique de Confidentialit\u00e9"},"content":{"rendered":"\t\t<div data-elementor-type=\"wp-page\" data-elementor-id=\"1753\" class=\"elementor elementor-1753\" data-elementor-post-type=\"page\">\n\t\t\t\t\t\t<section class=\"elementor-section elementor-top-section elementor-element elementor-element-72497529 elementor-section-boxed elementor-section-height-default elementor-section-height-default\" data-id=\"72497529\" data-element_type=\"section\" data-e-type=\"section\" data-settings=\"{&quot;background_background&quot;:&quot;classic&quot;}\">\n\t\t\t\t\t\t\t<div class=\"elementor-background-overlay\"><\/div>\n\t\t\t\t\t\t\t<div class=\"elementor-container elementor-column-gap-default\">\n\t\t\t\t\t<div class=\"elementor-column elementor-col-100 elementor-top-column elementor-element elementor-element-e0d754a\" data-id=\"e0d754a\" data-element_type=\"column\" data-e-type=\"column\">\n\t\t\t<div class=\"elementor-widget-wrap elementor-element-populated\">\n\t\t\t\t\t\t<div class=\"elementor-element elementor-element-72644131 elementor-widget elementor-widget-heading\" data-id=\"72644131\" data-element_type=\"widget\" data-e-type=\"widget\" data-widget_type=\"heading.default\">\n\t\t\t\t<div class=\"elementor-widget-container\">\n\t\t\t\t\t<h2 class=\"elementor-heading-title elementor-size-default\">Politique de confidentialit\u00e9<\/h2>\t\t\t\t<\/div>\n\t\t\t\t<\/div>\n\t\t\t\t<div class=\"elementor-element elementor-element-7e1d956f elementor-widget elementor-widget-heading\" data-id=\"7e1d956f\" data-element_type=\"widget\" data-e-type=\"widget\" data-widget_type=\"heading.default\">\n\t\t\t\t<div class=\"elementor-widget-container\">\n\t\t\t\t\t<div class=\"elementor-heading-title elementor-size-default\">Disclaimer<\/div>\t\t\t\t<\/div>\n\t\t\t\t<\/div>\n\t\t\t\t\t<\/div>\n\t\t<\/div>\n\t\t\t\t\t<\/div>\n\t\t<\/section>\n\t\t<div class=\"elementor-element elementor-element-a503527 e-flex e-con-boxed e-con e-parent\" data-id=\"a503527\" data-element_type=\"container\" data-e-type=\"container\">\n\t\t\t\t\t<div class=\"e-con-inner\">\n\t\t\t\t<div class=\"elementor-element elementor-element-8549e95 elementor-widget elementor-widget-heading\" data-id=\"8549e95\" data-element_type=\"widget\" data-e-type=\"widget\" data-widget_type=\"heading.default\">\n\t\t\t\t<div class=\"elementor-widget-container\">\n\t\t\t\t\t<h2 class=\"elementor-heading-title elementor-size-default\">- Politique de Confidentialit\u00e9 -<\/h2>\t\t\t\t<\/div>\n\t\t\t\t<\/div>\n\t\t\t\t<div class=\"elementor-element elementor-element-0760e06 elementor-widget elementor-widget-text-editor\" data-id=\"0760e06\" data-element_type=\"widget\" data-e-type=\"widget\" data-widget_type=\"text-editor.default\">\n\t\t\t\t<div class=\"elementor-widget-container\">\n\t\t\t\t\t\t\t\t\t<div data-hspacer=\"no_spacer\" data-halign=\"center\"><div data-ultimate-target=\".uvc-heading.ultimate-heading-396767081d4ad521b h2\" data-responsive-json-new=\"{&quot;font-size&quot;:&quot;&quot;,&quot;line-height&quot;:&quot;&quot;}\"><p><span style=\"font-size: 16px;\">La pr\u00e9sente politique de confidentialit\u00e9 d\u00e9finit et vous informe de la mani\u00e8re dont Yves Masquelier Photographe\/vid\u00e9aste<\/span><strong style=\"font-size: 16px;\">\u00a0<\/strong><span style=\"font-size: 16px;\">utilise et prot\u00e8ge les informations que vous nous fournissez, lorsque vous utilisez notre site internet.<\/span><\/p><\/div><\/div><div><p>Cette politique de confidentialit\u00e9 est susceptible d\u2019\u00eatre modifi\u00e9e ou compl\u00e9t\u00e9e \u00e0 tout moment par Yves Masquelier Photographe\/vid\u00e9aste, notamment en vue de se conformer \u00e0 toute \u00e9volution l\u00e9gislative, r\u00e8glementaire, jurisprudentielle ou technologique. N\u2019h\u00e9sitez pas \u00e0 consulter cette page r\u00e9guli\u00e8rement.<\/p><h3>\u00a0DONN\u00c9ES PERSONNELLES<\/h3><p>D\u2019une mani\u00e8re g\u00e9n\u00e9rale, il vous est possible de visiter le site sans communiquer aucune information personnelle vous concernant. Pour b\u00e9n\u00e9ficier de l\u2019int\u00e9gralit\u00e9 de nos services (commentaires et formulaires de contact), nous vous demandons certaines informations n\u00e9cessaires \u00e0 l\u2019utilisation d\u00e9sir\u00e9e. En fonction de vos besoins, nous collectons au maximum les donn\u00e9es suivantes :<br \/><strong>Nom, Pr\u00e9nom, Adresse \u00e9lectronique, Num\u00e9ro de t\u00e9l\u00e9phone<\/strong><br \/>Ces donn\u00e9es personnelles sont collect\u00e9es au travers de formulaires et gr\u00e2ce \u00e0 l\u2019interactivit\u00e9 \u00e9tablie entre vous et le site de Yves Masquelier Photographe\/vid\u00e9aste.<\/p><p>Conform\u00e9ment au R\u00e8glement G\u00e9n\u00e9ral sur la Protection des Donn\u00e9es (General Data Protection R\u00e9gulation) adopt\u00e9 par le Parlement europ\u00e9en le 14 avril 2016, et \u00e0 la Loi Informatique et Libert\u00e9s du 6 janvier 1978 modifi\u00e9e, Yves Masquelier Photographe\/vid\u00e9aste vous informe des points suivants :<\/p><h4>\u2022 1. Identit\u00e9 du responsable du traitement<\/h4><p>Le responsable du traitement est Yves Masquelier Photographe\/vid\u00e9aste, ayant son si\u00e8ge social au\u00a0 530 Chauss\u00e9e de Tirlemont, 1370 Jodoigne<br \/>T\u00e9l. : 0471948991\u2028TVA : BE0885.909.017 Mail : info@yvesmasquelier.com<\/p><h4>\u2022 2. Finalit\u00e9s du traitement<\/h4><p><span style=\"text-align: var(--text-align);\">Yves Masquelier Photographe\/vid\u00e9aste\u00a0<\/span>est susceptible de traiter vos Informations Personnelles afin de vous fournir les informations ou les services que vous avez demand\u00e9 (notamment : offre commerciale, Devis) et afin de recueillir des informations nous permettant d\u2019analyser et d\u2019am\u00e9liorer notre site, nos produits et services (notamment par le biais de cookies) ;<\/p><h4>\u2022 3. Destinataires<\/h4><p>SeulYves Masquelier Photographe\/vid\u00e9aste est destinataire de vos Informations Personnelles. Ni nous, ni l\u2019un nos sous-traitants, ne proc\u00e8dent \u00e0 la commercialisation des donn\u00e9es personnelles des visiteurs et utilisateurs de ce site.<\/p><h4>\u2022 4. Dur\u00e9e de conservation<\/h4><p>Vos Informations Personnelles sont conserv\u00e9es par Yves Masquelier Photographe\/vid\u00e9aste\u00a0uniquement pour le temps correspondant \u00e0 la finalit\u00e9 de la collecte tel qu\u2019indiqu\u00e9 en 2 ci-dessus qui ne saurait en tout \u00e9tat de cause exc\u00e9der 24 mois.<\/p><h4>\u2022 5. T\u00e9moignages<\/h4><p><span style=\"text-align: var(--text-align);\">Yves Masquelier Photographe\/vid\u00e9aste<\/span>\u00a0publie sur son site une liste de r\u00e9f\u00e9rences &amp; t\u00e9moignages comportant des informations sur le nom de nos clients et leurs titres. Yves Masquelier Photographe\/vid\u00e9aste\u00a0s\u2019engage \u00e0 obtenir l\u2019autorisation de chaque client avant publication sur le site de tout t\u00e9moignage. Si vous souhaitez \u00eatre retir\u00e9 de la liste, vous pouvez nous envoyer un e-mail \u00e0 l\u2019adresse\u00a0<strong>info@yvesmasquelier.com<\/strong>\u00a0et nous supprimerons vos informations tr\u00e8s rapidement.<\/p><h4>6. \u2022 Cookies\/Tracking<\/h4><p><span style=\"text-align: var(--text-align);\">Yves Masquelier Photographe\/vid\u00e9aste<\/span>\u00a0utilise les cookies afin d\u2019am\u00e9liorer et personnaliser le site et\/ou en mesurer l\u2019audience. Les cookies sont des fichiers enregistr\u00e9s sur le disque dur de votre ordinateur lors de votre navigation sur Internet et notamment sur le site. Un cookie ne sert pas \u00e0 recueillir des donn\u00e9es personnelles \u00e0 votre insu mais \u00e0 enregistrer des informations relatives \u00e0 votre navigation sur le site qui pourront \u00eatre directement lues par Yves Masquelier Photographe\/vid\u00e9aste\u00a0lors de vos visites et requ\u00eates ult\u00e9rieures sur le site.<br \/>Si vous choisissez de refuser l\u2019ensemble des cookies, votre navigation pourra \u00eatre r\u00e9duite pour acc\u00e9der \u00e0 certaines pages du site. Les cookies utilis\u00e9s par Yves Masquelier Photographe\/vid\u00e9aste\u00a0ont pour finalit\u00e9 de permettre ou faciliter la communication &amp; la fourniture des services demand\u00e9s par les utilisateurs.<br \/>Yves Masquelier Photographe\/vid\u00e9aste\u00a0utilise aussi des outils d\u2019analyse et de suivi afin de mesurer les donn\u00e9es sur son site pour d\u2019obtenir un aper\u00e7u de la client\u00e8le, r\u00e9aliser des analyses sur l\u2019exp\u00e9rience de navigation afin d\u2019am\u00e9liorer le contenu de celui-ci.<\/p><h4>\u2022 7. Droits Informatique et Libert\u00e9s<\/h4><p>Vous disposez des droits suivants concernant vos Informations Personnelles, que vous pouvez exercer en nous \u00e9crivant \u00e0\u00a0<strong>info@yvesmasquelier.com<\/strong><\/p><p><strong>o Droit d\u2019acc\u00e8s et de communication des donn\u00e9es<\/strong><br \/>Vous avez la facult\u00e9 d\u2019acc\u00e9der aux Informations Personnelles qui vous concernent.<br \/>Cependant, en raison de l\u2019obligation de s\u00e9curit\u00e9 et de confidentialit\u00e9 dans le traitement des donn\u00e9es \u00e0 caract\u00e8re personnel qui incombe \u00e0 Yves Masquelier Photographe\/vid\u00e9aste, vous \u00eates inform\u00e9 que votre demande sera trait\u00e9e sous r\u00e9serve que vous rapportiez la preuve de votre identit\u00e9.<\/p><h4>8.Lieu de stockage<\/h4><p>Les serveurs d\u2019h\u00e9bergement sur lesquels Yves Masquelier Photographe\/vid\u00e9aste\u00a0traite et stocke les bases de donn\u00e9es sont exclusivement situ\u00e9s au sein de l\u2019Union Europ\u00e9enne.<\/p><h4>9. S\u00e9curit\u00e9<\/h4><p>Dans le cadre de ses services, Yves Masquelier Photographe\/vid\u00e9aste\u00a0accorde la plus haute importance \u00e0 la s\u00e9curit\u00e9 et \u00e0 l\u2019int\u00e9grit\u00e9 des donn\u00e9es personnelles de ses clients.<br \/>Ainsi, et conform\u00e9ment au RGPD, Yves Masquelier Photographe\/vid\u00e9astes\u2019engage \u00e0 prendre toutes pr\u00e9cautions utiles afin de pr\u00e9server la s\u00e9curit\u00e9 des donn\u00e9es et notamment de les prot\u00e9ger contre toute destruction accidentelle ou illicite, perte accidentelle, alt\u00e9ration, diffusion ou acc\u00e8s non autoris\u00e9s, ainsi que contre toute autre forme de traitement illicite ou communication \u00e0 des personnes non autoris\u00e9es.<br \/>Par ailleurs, afin d\u2019\u00e9viter notamment tout acc\u00e8s non autoris\u00e9, de garantir l\u2019exactitude et une bonne utilisation des donn\u00e9es, Yves Masquelier Photographe\/vid\u00e9aste\u00a0a mis en place des proc\u00e9dures \u00e9lectroniques, physiques et d\u2019encadrement appropri\u00e9es en vue de sauvegarder et pr\u00e9server les donn\u00e9es recueillies \u00e0 travers ses services.<br \/>Si malgr\u00e9 ces pr\u00e9cautions une faille de s\u00e9curit\u00e9 venait \u00e0 vous impacter, Yves Masquelier Photographe\/vid\u00e9astes\u2019engage \u00e0 vous en informer d\u00e8s que possible et \u00e0 faire ses meilleurs efforts pour prendre toutes les mesures possibles pour neutraliser l\u2019intrusion et en minimiser les impacts.<\/p><\/div>\t\t\t\t\t\t\t\t<\/div>\n\t\t\t\t<\/div>\n\t\t\t\t\t<\/div>\n\t\t\t\t<\/div>\n\t\t\t\t<\/div>\n\t\t","protected":false},"excerpt":{"rendered":"<p>Politique de confidentialit\u00e9 Disclaimer &#8211; Politique de Confidentialit\u00e9 &#8211; La pr\u00e9sente politique de confidentialit\u00e9 d\u00e9finit et vous informe de la mani\u00e8re dont Yves Masquelier Photographe\/vid\u00e9aste\u00a0utilise et prot\u00e8ge les informations que vous nous fournissez, lorsque vous utilisez notre site internet. Cette politique de confidentialit\u00e9 est susceptible d\u2019\u00eatre modifi\u00e9e ou compl\u00e9t\u00e9e \u00e0 tout moment par Yves Masquelier [&hellip;]<\/p>\n","protected":false},"author":1,"featured_media":1756,"parent":0,"menu_order":0,"comment_status":"closed","ping_status":"closed","template":"elementor_header_footer","meta":{"_eb_attr":"","om_disable_all_campaigns":false,"_monsterinsights_skip_tracking":false,"_monsterinsights_sitenote_active":false,"_monsterinsights_sitenote_note":"","_monsterinsights_sitenote_category":0,"footnotes":""},"class_list":["post-1753","page","type-page","status-publish","has-post-thumbnail","hentry"],"yoast_head":"<!-- This site is optimized with the Yoast SEO plugin v25.7 - https:\/\/yoast.com\/wordpress\/plugins\/seo\/ -->\n<title>Yves Masqulier Photographe\/vid\u00e9aste - Confidentialit\u00e9<\/title>\n<meta name=\"description\" content=\"Politique de confidentialit\u00e9 du site web www.yvesmasquelier.com\" \/>\n<meta name=\"robots\" content=\"index, follow, max-snippet:-1, max-image-preview:large, max-video-preview:-1\" \/>\n<link rel=\"canonical\" href=\"https:\/\/www.yvesmasquelier.com\/index.php\/politique-de-confidentialite\/\" \/>\n<meta property=\"og:locale\" content=\"fr_FR\" \/>\n<meta property=\"og:type\" content=\"article\" \/>\n<meta property=\"og:title\" content=\"Yves Masqulier Photographe\/vid\u00e9aste - Confidentialit\u00e9\" \/>\n<meta property=\"og:description\" content=\"Politique de confidentialit\u00e9 du site web www.yvesmasquelier.com\" \/>\n<meta property=\"og:url\" content=\"https:\/\/www.yvesmasquelier.com\/index.php\/politique-de-confidentialite\/\" \/>\n<meta property=\"og:site_name\" content=\"Yves Masquelier\" \/>\n<meta property=\"article:modified_time\" content=\"2024-10-10T23:35:26+00:00\" \/>\n<meta property=\"og:image\" content=\"https:\/\/www.yvesmasquelier.com\/wp-content\/uploads\/2024\/10\/law-and-authority-lawyer-judgment-gavel-hammer-in-court-courtroom-for-crime-judgement.jpg\" \/>\n\t<meta property=\"og:image:width\" content=\"2000\" \/>\n\t<meta property=\"og:image:height\" content=\"1333\" \/>\n\t<meta property=\"og:image:type\" content=\"image\/jpeg\" \/>\n<meta name=\"twitter:card\" content=\"summary_large_image\" \/>\n<meta name=\"twitter:label1\" content=\"Dur\u00e9e de lecture estim\u00e9e\" \/>\n\t<meta name=\"twitter:data1\" content=\"5 minutes\" \/>\n<script type=\"application\/ld+json\" class=\"yoast-schema-graph\">{\"@context\":\"https:\/\/schema.org\",\"@graph\":[{\"@type\":\"WebPage\",\"@id\":\"https:\/\/www.yvesmasquelier.com\/index.php\/politique-de-confidentialite\/\",\"url\":\"https:\/\/www.yvesmasquelier.com\/index.php\/politique-de-confidentialite\/\",\"name\":\"Yves Masqulier Photographe\/vid\u00e9aste - Confidentialit\u00e9\",\"isPartOf\":{\"@id\":\"https:\/\/www.yvesmasquelier.com\/#website\"},\"primaryImageOfPage\":{\"@id\":\"https:\/\/www.yvesmasquelier.com\/index.php\/politique-de-confidentialite\/#primaryimage\"},\"image\":{\"@id\":\"https:\/\/www.yvesmasquelier.com\/index.php\/politique-de-confidentialite\/#primaryimage\"},\"thumbnailUrl\":\"https:\/\/www.yvesmasquelier.com\/wp-content\/uploads\/2024\/10\/law-and-authority-lawyer-judgment-gavel-hammer-in-court-courtroom-for-crime-judgement.webp\",\"datePublished\":\"2024-10-10T23:29:22+00:00\",\"dateModified\":\"2024-10-10T23:35:26+00:00\",\"description\":\"Politique de confidentialit\u00e9 du site web www.yvesmasquelier.com\",\"breadcrumb\":{\"@id\":\"https:\/\/www.yvesmasquelier.com\/index.php\/politique-de-confidentialite\/#breadcrumb\"},\"inLanguage\":\"fr-FR\",\"potentialAction\":[{\"@type\":\"ReadAction\",\"target\":[\"https:\/\/www.yvesmasquelier.com\/index.php\/politique-de-confidentialite\/\"]}]},{\"@type\":\"ImageObject\",\"inLanguage\":\"fr-FR\",\"@id\":\"https:\/\/www.yvesmasquelier.com\/index.php\/politique-de-confidentialite\/#primaryimage\",\"url\":\"https:\/\/www.yvesmasquelier.com\/wp-content\/uploads\/2024\/10\/law-and-authority-lawyer-judgment-gavel-hammer-in-court-courtroom-for-crime-judgement.webp\",\"contentUrl\":\"https:\/\/www.yvesmasquelier.com\/wp-content\/uploads\/2024\/10\/law-and-authority-lawyer-judgment-gavel-hammer-in-court-courtroom-for-crime-judgement.webp\",\"width\":1920,\"height\":1280,\"caption\":\"law and authority lawyer, judgment gavel hammer in court courtroom for crime judgement\"},{\"@type\":\"BreadcrumbList\",\"@id\":\"https:\/\/www.yvesmasquelier.com\/index.php\/politique-de-confidentialite\/#breadcrumb\",\"itemListElement\":[{\"@type\":\"ListItem\",\"position\":1,\"name\":\"Accueil\",\"item\":\"https:\/\/www.yvesmasquelier.com\/\"},{\"@type\":\"ListItem\",\"position\":2,\"name\":\"Politique de Confidentialit\u00e9\"}]},{\"@type\":\"WebSite\",\"@id\":\"https:\/\/www.yvesmasquelier.com\/#website\",\"url\":\"https:\/\/www.yvesmasquelier.com\/\",\"name\":\"Yves Masquelier Photographe\/vid\u00e9aste\",\"description\":\"Photographe\/vid\u00e9aste Evenementiel Mariage Lifestyle\",\"publisher\":{\"@id\":\"https:\/\/www.yvesmasquelier.com\/#organization\"},\"alternateName\":\"Yves Masquelier\",\"potentialAction\":[{\"@type\":\"SearchAction\",\"target\":{\"@type\":\"EntryPoint\",\"urlTemplate\":\"https:\/\/www.yvesmasquelier.com\/?s={search_term_string}\"},\"query-input\":{\"@type\":\"PropertyValueSpecification\",\"valueRequired\":true,\"valueName\":\"search_term_string\"}}],\"inLanguage\":\"fr-FR\"},{\"@type\":\"Organization\",\"@id\":\"https:\/\/www.yvesmasquelier.com\/#organization\",\"name\":\"Yves Masquelier Photographe\/vid\u00e9aste\",\"url\":\"https:\/\/www.yvesmasquelier.com\/\",\"logo\":{\"@type\":\"ImageObject\",\"inLanguage\":\"fr-FR\",\"@id\":\"https:\/\/www.yvesmasquelier.com\/#\/schema\/logo\/image\/\",\"url\":\"https:\/\/www.yvesmasquelier.com\/wp-content\/uploads\/2022\/02\/cropped-logo-yves-masquelier2-1.png\",\"contentUrl\":\"https:\/\/www.yvesmasquelier.com\/wp-content\/uploads\/2022\/02\/cropped-logo-yves-masquelier2-1.png\",\"width\":800,\"height\":300,\"caption\":\"Yves Masquelier Photographe\/vid\u00e9aste\"},\"image\":{\"@id\":\"https:\/\/www.yvesmasquelier.com\/#\/schema\/logo\/image\/\"}}]}<\/script>\n<!-- \/ Yoast SEO plugin. -->","yoast_head_json":{"title":"Yves Masqulier Photographe\/vid\u00e9aste - Confidentialit\u00e9","description":"Politique de confidentialit\u00e9 du site web www.yvesmasquelier.com","robots":{"index":"index","follow":"follow","max-snippet":"max-snippet:-1","max-image-preview":"max-image-preview:large","max-video-preview":"max-video-preview:-1"},"canonical":"https:\/\/www.yvesmasquelier.com\/index.php\/politique-de-confidentialite\/","og_locale":"fr_FR","og_type":"article","og_title":"Yves Masqulier Photographe\/vid\u00e9aste - Confidentialit\u00e9","og_description":"Politique de confidentialit\u00e9 du site web www.yvesmasquelier.com","og_url":"https:\/\/www.yvesmasquelier.com\/index.php\/politique-de-confidentialite\/","og_site_name":"Yves Masquelier","article_modified_time":"2024-10-10T23:35:26+00:00","og_image":[{"width":2000,"height":1333,"url":"https:\/\/www.yvesmasquelier.com\/wp-content\/uploads\/2024\/10\/law-and-authority-lawyer-judgment-gavel-hammer-in-court-courtroom-for-crime-judgement.jpg","type":"image\/jpeg"}],"twitter_card":"summary_large_image","twitter_misc":{"Dur\u00e9e de lecture estim\u00e9e":"5 minutes"},"schema":{"@context":"https:\/\/schema.org","@graph":[{"@type":"WebPage","@id":"https:\/\/www.yvesmasquelier.com\/index.php\/politique-de-confidentialite\/","url":"https:\/\/www.yvesmasquelier.com\/index.php\/politique-de-confidentialite\/","name":"Yves Masqulier Photographe\/vid\u00e9aste - Confidentialit\u00e9","isPartOf":{"@id":"https:\/\/www.yvesmasquelier.com\/#website"},"primaryImageOfPage":{"@id":"https:\/\/www.yvesmasquelier.com\/index.php\/politique-de-confidentialite\/#primaryimage"},"image":{"@id":"https:\/\/www.yvesmasquelier.com\/index.php\/politique-de-confidentialite\/#primaryimage"},"thumbnailUrl":"https:\/\/www.yvesmasquelier.com\/wp-content\/uploads\/2024\/10\/law-and-authority-lawyer-judgment-gavel-hammer-in-court-courtroom-for-crime-judgement.webp","datePublished":"2024-10-10T23:29:22+00:00","dateModified":"2024-10-10T23:35:26+00:00","description":"Politique de confidentialit\u00e9 du site web www.yvesmasquelier.com","breadcrumb":{"@id":"https:\/\/www.yvesmasquelier.com\/index.php\/politique-de-confidentialite\/#breadcrumb"},"inLanguage":"fr-FR","potentialAction":[{"@type":"ReadAction","target":["https:\/\/www.yvesmasquelier.com\/index.php\/politique-de-confidentialite\/"]}]},{"@type":"ImageObject","inLanguage":"fr-FR","@id":"https:\/\/www.yvesmasquelier.com\/index.php\/politique-de-confidentialite\/#primaryimage","url":"https:\/\/www.yvesmasquelier.com\/wp-content\/uploads\/2024\/10\/law-and-authority-lawyer-judgment-gavel-hammer-in-court-courtroom-for-crime-judgement.webp","contentUrl":"https:\/\/www.yvesmasquelier.com\/wp-content\/uploads\/2024\/10\/law-and-authority-lawyer-judgment-gavel-hammer-in-court-courtroom-for-crime-judgement.webp","width":1920,"height":1280,"caption":"law and authority lawyer, judgment gavel hammer in court courtroom for crime judgement"},{"@type":"BreadcrumbList","@id":"https:\/\/www.yvesmasquelier.com\/index.php\/politique-de-confidentialite\/#breadcrumb","itemListElement":[{"@type":"ListItem","position":1,"name":"Accueil","item":"https:\/\/www.yvesmasquelier.com\/"},{"@type":"ListItem","position":2,"name":"Politique de Confidentialit\u00e9"}]},{"@type":"WebSite","@id":"https:\/\/www.yvesmasquelier.com\/#website","url":"https:\/\/www.yvesmasquelier.com\/","name":"Yves Masquelier Photographe\/vid\u00e9aste","description":"Photographe\/vid\u00e9aste Evenementiel Mariage Lifestyle","publisher":{"@id":"https:\/\/www.yvesmasquelier.com\/#organization"},"alternateName":"Yves Masquelier","potentialAction":[{"@type":"SearchAction","target":{"@type":"EntryPoint","urlTemplate":"https:\/\/www.yvesmasquelier.com\/?s={search_term_string}"},"query-input":{"@type":"PropertyValueSpecification","valueRequired":true,"valueName":"search_term_string"}}],"inLanguage":"fr-FR"},{"@type":"Organization","@id":"https:\/\/www.yvesmasquelier.com\/#organization","name":"Yves Masquelier Photographe\/vid\u00e9aste","url":"https:\/\/www.yvesmasquelier.com\/","logo":{"@type":"ImageObject","inLanguage":"fr-FR","@id":"https:\/\/www.yvesmasquelier.com\/#\/schema\/logo\/image\/","url":"https:\/\/www.yvesmasquelier.com\/wp-content\/uploads\/2022\/02\/cropped-logo-yves-masquelier2-1.png","contentUrl":"https:\/\/www.yvesmasquelier.com\/wp-content\/uploads\/2022\/02\/cropped-logo-yves-masquelier2-1.png","width":800,"height":300,"caption":"Yves Masquelier Photographe\/vid\u00e9aste"},"image":{"@id":"https:\/\/www.yvesmasquelier.com\/#\/schema\/logo\/image\/"}}]}},"_links":{"self":[{"href":"https:\/\/www.yvesmasquelier.com\/index.php\/wp-json\/wp\/v2\/pages\/1753","targetHints":{"allow":["GET"]}}],"collection":[{"href":"https:\/\/www.yvesmasquelier.com\/index.php\/wp-json\/wp\/v2\/pages"}],"about":[{"href":"https:\/\/www.yvesmasquelier.com\/index.php\/wp-json\/wp\/v2\/types\/page"}],"author":[{"embeddable":true,"href":"https:\/\/www.yvesmasquelier.com\/index.php\/wp-json\/wp\/v2\/users\/1"}],"replies":[{"embeddable":true,"href":"https:\/\/www.yvesmasquelier.com\/index.php\/wp-json\/wp\/v2\/comments?post=1753"}],"version-history":[{"count":9,"href":"https:\/\/www.yvesmasquelier.com\/index.php\/wp-json\/wp\/v2\/pages\/1753\/revisions"}],"predecessor-version":[{"id":1764,"href":"https:\/\/www.yvesmasquelier.com\/index.php\/wp-json\/wp\/v2\/pages\/1753\/revisions\/1764"}],"wp:featuredmedia":[{"embeddable":true,"href":"https:\/\/www.yvesmasquelier.com\/index.php\/wp-json\/wp\/v2\/media\/1756"}],"wp:attachment":[{"href":"https:\/\/www.yvesmasquelier.com\/index.php\/wp-json\/wp\/v2\/media?parent=1753"}],"curies":[{"name":"wp","href":"https:\/\/api.w.org\/{rel}","templated":true}]}}